{"id":492,"date":"2024-05-19T04:56:46","date_gmt":"2024-05-19T04:56:46","guid":{"rendered":"https:\/\/fort-da.com.ar\/inicio\/?page_id=492"},"modified":"2024-05-19T05:02:52","modified_gmt":"2024-05-19T05:02:52","slug":"neurologia-infantojuvenil","status":"publish","type":"page","link":"https:\/\/fort-da.com.ar\/inicio\/neurologia-infantojuvenil\/","title":{"rendered":"Neurolog\u00eda Infantojuvenil"},"content":{"rendered":"\t\t<div data-elementor-type=\"wp-page\" data-elementor-id=\"492\" class=\"elementor elementor-492\" data-elementor-post-type=\"page\">\n\t\t\t\t<div class=\"elementor-element elementor-element-6a539fe e-flex e-con-boxed e-con e-parent\" data-id=\"6a539fe\" data-element_type=\"container\">\n\t\t\t\t\t<div class=\"e-con-inner\">\n\t\t<div class=\"elementor-element elementor-element-2bdfe7b e-con-full e-flex e-con e-child\" data-id=\"2bdfe7b\" data-element_type=\"container\">\n\t\t\t\t<div class=\"elementor-element elementor-element-fe57c38 elementor-widget elementor-widget-image\" data-id=\"fe57c38\" data-element_type=\"widget\" data-widget_type=\"image.default\">\n\t\t\t\t<div class=\"elementor-widget-container\">\n\t\t\t\t\t\t\t\t\t\t\t\t\t\t\t<img fetchpriority=\"high\" decoding=\"async\" width=\"1024\" height=\"1024\" src=\"https:\/\/fort-da.com.ar\/wp-content\/uploads\/2024\/05\/Diseno-sin-titulo-7-1024x1024.png\" class=\"attachment-large size-large wp-image-453\" alt=\"\" srcset=\"https:\/\/fort-da.com.ar\/wp-content\/uploads\/2024\/05\/Diseno-sin-titulo-7-1024x1024.png 1024w, https:\/\/fort-da.com.ar\/wp-content\/uploads\/2024\/05\/Diseno-sin-titulo-7-300x300.png 300w, https:\/\/fort-da.com.ar\/wp-content\/uploads\/2024\/05\/Diseno-sin-titulo-7-100x100.png 100w, https:\/\/fort-da.com.ar\/wp-content\/uploads\/2024\/05\/Diseno-sin-titulo-7-600x600.png 600w, https:\/\/fort-da.com.ar\/wp-content\/uploads\/2024\/05\/Diseno-sin-titulo-7-150x150.png 150w, https:\/\/fort-da.com.ar\/wp-content\/uploads\/2024\/05\/Diseno-sin-titulo-7-768x768.png 768w, https:\/\/fort-da.com.ar\/wp-content\/uploads\/2024\/05\/Diseno-sin-titulo-7.png 1080w\" sizes=\"(max-width: 1024px) 100vw, 1024px\" \/>\t\t\t\t\t\t\t\t\t\t\t\t\t\t\t<\/div>\n\t\t\t\t<\/div>\n\t\t\t\t<\/div>\n\t\t<div class=\"elementor-element elementor-element-81cbbea e-con-full e-flex e-con e-child\" data-id=\"81cbbea\" data-element_type=\"container\">\n\t\t\t\t<div class=\"elementor-element elementor-element-be6c2d8 e-transform elementor-widget elementor-widget-heading\" data-id=\"be6c2d8\" data-element_type=\"widget\" data-settings=\"{&quot;_transform_translateX_effect&quot;:{&quot;unit&quot;:&quot;px&quot;,&quot;size&quot;:&quot;&quot;,&quot;sizes&quot;:[]},&quot;_transform_translateX_effect_tablet&quot;:{&quot;unit&quot;:&quot;px&quot;,&quot;size&quot;:&quot;&quot;,&quot;sizes&quot;:[]},&quot;_transform_translateX_effect_mobile&quot;:{&quot;unit&quot;:&quot;px&quot;,&quot;size&quot;:&quot;&quot;,&quot;sizes&quot;:[]},&quot;_transform_translateY_effect&quot;:{&quot;unit&quot;:&quot;px&quot;,&quot;size&quot;:&quot;&quot;,&quot;sizes&quot;:[]},&quot;_transform_translateY_effect_tablet&quot;:{&quot;unit&quot;:&quot;px&quot;,&quot;size&quot;:&quot;&quot;,&quot;sizes&quot;:[]},&quot;_transform_translateY_effect_mobile&quot;:{&quot;unit&quot;:&quot;px&quot;,&quot;size&quot;:&quot;&quot;,&quot;sizes&quot;:[]}}\" data-widget_type=\"heading.default\">\n\t\t\t\t<div class=\"elementor-widget-container\">\n\t\t\t\t\t<h2 class=\"elementor-heading-title elementor-size-default\">Neurologia Infantojuvenil<\/h2>\t\t\t\t<\/div>\n\t\t\t\t<\/div>\n\t\t\t\t<div class=\"elementor-element elementor-element-fb4da38 elementor-widget elementor-widget-text-editor\" data-id=\"fb4da38\" data-element_type=\"widget\" data-widget_type=\"text-editor.default\">\n\t\t\t\t<div class=\"elementor-widget-container\">\n\t\t\t\t\t\t\t\t\t<p><span style=\"font-weight: 400;\">Esta \u00e1rea se dedica a abordar inquietudes relacionadas con el desarrollo neurol\u00f3gico de ni\u00f1os y j\u00f3venes, lo que puede incluir desaf\u00edos en el habla, problemas org\u00e1nicos, trastornos del movimiento o dificultades de aprendizaje<\/span><\/p>\t\t\t\t\t\t\t\t<\/div>\n\t\t\t\t<\/div>\n\t\t\t\t<div class=\"elementor-element elementor-element-a29bf1c elementor-align-left elementor-widget elementor-widget-button\" data-id=\"a29bf1c\" data-element_type=\"widget\" data-widget_type=\"button.default\">\n\t\t\t\t<div class=\"elementor-widget-container\">\n\t\t\t\t\t\t\t\t\t<div class=\"elementor-button-wrapper\">\n\t\t\t\t\t<a class=\"elementor-button elementor-button-link elementor-size-sm\" href=\"https:\/\/api.whatsapp.com\/send\/?phone=5491131718000&#038;text=Hola%2C+me+comunicaba+desde+la+pagina+web.+Quer%C3%ADa+informaci%C3%B3n+sobre+%28Completar%29.&#038;type=phone_number&#038;app_absent=0\">\n\t\t\t\t\t\t<span class=\"elementor-button-content-wrapper\">\n\t\t\t\t\t\t\t\t\t<span class=\"elementor-button-text\">Solicitar Turno<\/span>\n\t\t\t\t\t<\/span>\n\t\t\t\t\t<\/a>\n\t\t\t\t<\/div>\n\t\t\t\t\t\t\t\t<\/div>\n\t\t\t\t<\/div>\n\t\t\t\t<\/div>\n\t\t\t\t\t<\/div>\n\t\t\t\t<\/div>\n\t\t\t\t<\/div>\n\t\t","protected":false},"excerpt":{"rendered":"<p>Neurologia Infantojuvenil Esta \u00e1rea se dedica a abordar inquietudes relacionadas con el desarrollo neurol\u00f3gico de ni\u00f1os y j\u00f3venes, lo que [&hellip;]<\/p>\n","protected":false},"author":2,"featured_media":0,"parent":0,"menu_order":0,"comment_status":"closed","ping_status":"closed","template":"","meta":{"_monsterinsights_skip_tracking":false,"_monsterinsights_sitenote_active":false,"_monsterinsights_sitenote_note":"","_monsterinsights_sitenote_category":0,"site-sidebar-layout":"no-sidebar","site-content-layout":"","ast-site-content-layout":"full-width-container","site-content-style":"default","site-sidebar-style":"default","ast-global-header-display":"","ast-banner-title-visibility":"","ast-main-header-display":"","ast-hfb-above-header-display":"","ast-hfb-below-header-display":"","ast-hfb-mobile-header-display":"","site-post-title":"disabled","ast-breadcrumbs-content":"","ast-featured-img":"disabled","footer-sml-layout":"","theme-transparent-header-meta":"","adv-header-id-meta":"","stick-header-meta":"","header-above-stick-meta":"","header-main-stick-meta":"","header-below-stick-meta":"","astra-migrate-meta-layouts":"default","ast-page-background-enabled":"default","ast-page-background-meta":{"desktop":{"background-color":"var(--ast-global-color-4)","background-image":"","background-repeat":"repeat","background-position":"center center","background-size":"auto","background-attachment":"scroll","background-type":"","background-media":"","overlay-type":"","overlay-color":"","overlay-opacity":"","overlay-gradient":""},"tablet":{"background-color":"","background-image":"","background-repeat":"repeat","background-position":"center center","background-size":"auto","background-attachment":"scroll","background-type":"","background-media":"","overlay-type":"","overlay-color":"","overlay-opacity":"","overlay-gradient":""},"mobile":{"background-color":"","background-image":"","background-repeat":"repeat","background-position":"center center","background-size":"auto","background-attachment":"scroll","background-type":"","background-media":"","overlay-type":"","overlay-color":"","overlay-opacity":"","overlay-gradient":""}},"ast-content-background-meta":{"desktop":{"background-color":"var(--ast-global-color-5)","background-image":"","background-repeat":"repeat","background-position":"center center","background-size":"auto","background-attachment":"scroll","background-type":"","background-media":"","overlay-type":"","overlay-color":"","overlay-opacity":"","overlay-gradient":""},"tablet":{"background-color":"var(--ast-global-color-5)","background-image":"","background-repeat":"repeat","background-position":"center center","background-size":"auto","background-attachment":"scroll","background-type":"","background-media":"","overlay-type":"","overlay-color":"","overlay-opacity":"","overlay-gradient":""},"mobile":{"background-color":"var(--ast-global-color-5)","background-image":"","background-repeat":"repeat","background-position":"center center","background-size":"auto","background-attachment":"scroll","background-type":"","background-media":"","overlay-type":"","overlay-color":"","overlay-opacity":"","overlay-gradient":""}},"_joinchat":[],"footnotes":""},"class_list":["post-492","page","type-page","status-publish","hentry"],"yoast_head":"<!-- This site is optimized with the Yoast SEO plugin v26.1.1 - https:\/\/yoast.com\/wordpress\/plugins\/seo\/ -->\n<title>Neurolog\u00eda Infantojuvenil - Fort-Da | Centro Interdisciplinario<\/title>\n<meta name=\"robots\" content=\"index, follow, max-snippet:-1, max-image-preview:large, max-video-preview:-1\" \/>\n<link rel=\"canonical\" href=\"https:\/\/fort-da.com.ar\/inicio\/neurologia-infantojuvenil\/\" \/>\n<meta property=\"og:locale\" content=\"es_ES\" \/>\n<meta property=\"og:type\" content=\"article\" \/>\n<meta property=\"og:title\" content=\"Neurolog\u00eda Infantojuvenil - Fort-Da | Centro Interdisciplinario\" \/>\n<meta property=\"og:description\" content=\"Neurologia Infantojuvenil Esta \u00e1rea se dedica a abordar inquietudes relacionadas con el desarrollo neurol\u00f3gico de ni\u00f1os y j\u00f3venes, lo que [&hellip;]\" \/>\n<meta property=\"og:url\" content=\"https:\/\/fort-da.com.ar\/inicio\/neurologia-infantojuvenil\/\" \/>\n<meta property=\"og:site_name\" content=\"Fort-Da | Centro Interdisciplinario\" \/>\n<meta property=\"article:publisher\" content=\"https:\/\/www.facebook.com\/profile.php?id=100090714247207\" \/>\n<meta property=\"article:modified_time\" content=\"2024-05-19T05:02:52+00:00\" \/>\n<meta property=\"og:image\" content=\"https:\/\/fort-da.com.ar\/wp-content\/uploads\/2024\/05\/Diseno-sin-titulo-7-1024x1024.png\" \/>\n<meta name=\"twitter:card\" content=\"summary_large_image\" \/>\n<meta name=\"twitter:label1\" content=\"Tiempo de lectura\" \/>\n\t<meta name=\"twitter:data1\" content=\"1 minuto\" \/>\n<script type=\"application\/ld+json\" class=\"yoast-schema-graph\">{\"@context\":\"https:\/\/schema.org\",\"@graph\":[{\"@type\":\"WebPage\",\"@id\":\"https:\/\/fort-da.com.ar\/inicio\/neurologia-infantojuvenil\/\",\"url\":\"https:\/\/fort-da.com.ar\/inicio\/neurologia-infantojuvenil\/\",\"name\":\"Neurolog\u00eda Infantojuvenil - Fort-Da | Centro Interdisciplinario\",\"isPartOf\":{\"@id\":\"https:\/\/fort-da.com.ar\/inicio\/#website\"},\"primaryImageOfPage\":{\"@id\":\"https:\/\/fort-da.com.ar\/inicio\/neurologia-infantojuvenil\/#primaryimage\"},\"image\":{\"@id\":\"https:\/\/fort-da.com.ar\/inicio\/neurologia-infantojuvenil\/#primaryimage\"},\"thumbnailUrl\":\"https:\/\/fort-da.com.ar\/wp-content\/uploads\/2024\/05\/Diseno-sin-titulo-7-1024x1024.png\",\"datePublished\":\"2024-05-19T04:56:46+00:00\",\"dateModified\":\"2024-05-19T05:02:52+00:00\",\"breadcrumb\":{\"@id\":\"https:\/\/fort-da.com.ar\/inicio\/neurologia-infantojuvenil\/#breadcrumb\"},\"inLanguage\":\"es\",\"potentialAction\":[{\"@type\":\"ReadAction\",\"target\":[\"https:\/\/fort-da.com.ar\/inicio\/neurologia-infantojuvenil\/\"]}]},{\"@type\":\"ImageObject\",\"inLanguage\":\"es\",\"@id\":\"https:\/\/fort-da.com.ar\/inicio\/neurologia-infantojuvenil\/#primaryimage\",\"url\":\"https:\/\/fort-da.com.ar\/wp-content\/uploads\/2024\/05\/Diseno-sin-titulo-7-1024x1024.png\",\"contentUrl\":\"https:\/\/fort-da.com.ar\/wp-content\/uploads\/2024\/05\/Diseno-sin-titulo-7-1024x1024.png\"},{\"@type\":\"BreadcrumbList\",\"@id\":\"https:\/\/fort-da.com.ar\/inicio\/neurologia-infantojuvenil\/#breadcrumb\",\"itemListElement\":[{\"@type\":\"ListItem\",\"position\":1,\"name\":\"Portada\",\"item\":\"https:\/\/fort-da.com.ar\/inicio\/\"},{\"@type\":\"ListItem\",\"position\":2,\"name\":\"Neurolog\u00eda Infantojuvenil\"}]},{\"@type\":\"WebSite\",\"@id\":\"https:\/\/fort-da.com.ar\/inicio\/#website\",\"url\":\"https:\/\/fort-da.com.ar\/inicio\/\",\"name\":\"Fort-Da | Centro Interdisciplinario\",\"description\":\"Centro Interdisciplinario Fort-Da\",\"publisher\":{\"@id\":\"https:\/\/fort-da.com.ar\/inicio\/#organization\"},\"alternateName\":\"Fort-Da-Centro-Interdisciplinario\",\"potentialAction\":[{\"@type\":\"SearchAction\",\"target\":{\"@type\":\"EntryPoint\",\"urlTemplate\":\"https:\/\/fort-da.com.ar\/inicio\/?s={search_term_string}\"},\"query-input\":{\"@type\":\"PropertyValueSpecification\",\"valueRequired\":true,\"valueName\":\"search_term_string\"}}],\"inLanguage\":\"es\"},{\"@type\":\"Organization\",\"@id\":\"https:\/\/fort-da.com.ar\/inicio\/#organization\",\"name\":\"Fort-Da | Centro Interdisciplinario\",\"alternateName\":\"Centro Interdisciplinario Fort-Da\",\"url\":\"https:\/\/fort-da.com.ar\/inicio\/\",\"logo\":{\"@type\":\"ImageObject\",\"inLanguage\":\"es\",\"@id\":\"https:\/\/fort-da.com.ar\/inicio\/#\/schema\/logo\/image\/\",\"url\":\"https:\/\/fort-da.com.ar\/wp-content\/uploads\/2024\/04\/foto-logo-fotor-20240420221650.png\",\"contentUrl\":\"https:\/\/fort-da.com.ar\/wp-content\/uploads\/2024\/04\/foto-logo-fotor-20240420221650.png\",\"width\":713,\"height\":713,\"caption\":\"Fort-Da | Centro Interdisciplinario\"},\"image\":{\"@id\":\"https:\/\/fort-da.com.ar\/inicio\/#\/schema\/logo\/image\/\"},\"sameAs\":[\"https:\/\/www.facebook.com\/profile.php?id=100090714247207\",\"https:\/\/www.instagram.com\/centro.fortda\/\"]}]}<\/script>\n<!-- \/ Yoast SEO plugin. -->","yoast_head_json":{"title":"Neurolog\u00eda Infantojuvenil - Fort-Da | Centro Interdisciplinario","robots":{"index":"index","follow":"follow","max-snippet":"max-snippet:-1","max-image-preview":"max-image-preview:large","max-video-preview":"max-video-preview:-1"},"canonical":"https:\/\/fort-da.com.ar\/inicio\/neurologia-infantojuvenil\/","og_locale":"es_ES","og_type":"article","og_title":"Neurolog\u00eda Infantojuvenil - Fort-Da | Centro Interdisciplinario","og_description":"Neurologia Infantojuvenil Esta \u00e1rea se dedica a abordar inquietudes relacionadas con el desarrollo neurol\u00f3gico de ni\u00f1os y j\u00f3venes, lo que [&hellip;]","og_url":"https:\/\/fort-da.com.ar\/inicio\/neurologia-infantojuvenil\/","og_site_name":"Fort-Da | Centro Interdisciplinario","article_publisher":"https:\/\/www.facebook.com\/profile.php?id=100090714247207","article_modified_time":"2024-05-19T05:02:52+00:00","og_image":[{"url":"https:\/\/fort-da.com.ar\/wp-content\/uploads\/2024\/05\/Diseno-sin-titulo-7-1024x1024.png","type":"","width":"","height":""}],"twitter_card":"summary_large_image","twitter_misc":{"Tiempo de lectura":"1 minuto"},"schema":{"@context":"https:\/\/schema.org","@graph":[{"@type":"WebPage","@id":"https:\/\/fort-da.com.ar\/inicio\/neurologia-infantojuvenil\/","url":"https:\/\/fort-da.com.ar\/inicio\/neurologia-infantojuvenil\/","name":"Neurolog\u00eda Infantojuvenil - Fort-Da | Centro Interdisciplinario","isPartOf":{"@id":"https:\/\/fort-da.com.ar\/inicio\/#website"},"primaryImageOfPage":{"@id":"https:\/\/fort-da.com.ar\/inicio\/neurologia-infantojuvenil\/#primaryimage"},"image":{"@id":"https:\/\/fort-da.com.ar\/inicio\/neurologia-infantojuvenil\/#primaryimage"},"thumbnailUrl":"https:\/\/fort-da.com.ar\/wp-content\/uploads\/2024\/05\/Diseno-sin-titulo-7-1024x1024.png","datePublished":"2024-05-19T04:56:46+00:00","dateModified":"2024-05-19T05:02:52+00:00","breadcrumb":{"@id":"https:\/\/fort-da.com.ar\/inicio\/neurologia-infantojuvenil\/#breadcrumb"},"inLanguage":"es","potentialAction":[{"@type":"ReadAction","target":["https:\/\/fort-da.com.ar\/inicio\/neurologia-infantojuvenil\/"]}]},{"@type":"ImageObject","inLanguage":"es","@id":"https:\/\/fort-da.com.ar\/inicio\/neurologia-infantojuvenil\/#primaryimage","url":"https:\/\/fort-da.com.ar\/wp-content\/uploads\/2024\/05\/Diseno-sin-titulo-7-1024x1024.png","contentUrl":"https:\/\/fort-da.com.ar\/wp-content\/uploads\/2024\/05\/Diseno-sin-titulo-7-1024x1024.png"},{"@type":"BreadcrumbList","@id":"https:\/\/fort-da.com.ar\/inicio\/neurologia-infantojuvenil\/#breadcrumb","itemListElement":[{"@type":"ListItem","position":1,"name":"Portada","item":"https:\/\/fort-da.com.ar\/inicio\/"},{"@type":"ListItem","position":2,"name":"Neurolog\u00eda Infantojuvenil"}]},{"@type":"WebSite","@id":"https:\/\/fort-da.com.ar\/inicio\/#website","url":"https:\/\/fort-da.com.ar\/inicio\/","name":"Fort-Da | Centro Interdisciplinario","description":"Centro Interdisciplinario Fort-Da","publisher":{"@id":"https:\/\/fort-da.com.ar\/inicio\/#organization"},"alternateName":"Fort-Da-Centro-Interdisciplinario","potentialAction":[{"@type":"SearchAction","target":{"@type":"EntryPoint","urlTemplate":"https:\/\/fort-da.com.ar\/inicio\/?s={search_term_string}"},"query-input":{"@type":"PropertyValueSpecification","valueRequired":true,"valueName":"search_term_string"}}],"inLanguage":"es"},{"@type":"Organization","@id":"https:\/\/fort-da.com.ar\/inicio\/#organization","name":"Fort-Da | Centro Interdisciplinario","alternateName":"Centro Interdisciplinario Fort-Da","url":"https:\/\/fort-da.com.ar\/inicio\/","logo":{"@type":"ImageObject","inLanguage":"es","@id":"https:\/\/fort-da.com.ar\/inicio\/#\/schema\/logo\/image\/","url":"https:\/\/fort-da.com.ar\/wp-content\/uploads\/2024\/04\/foto-logo-fotor-20240420221650.png","contentUrl":"https:\/\/fort-da.com.ar\/wp-content\/uploads\/2024\/04\/foto-logo-fotor-20240420221650.png","width":713,"height":713,"caption":"Fort-Da | Centro Interdisciplinario"},"image":{"@id":"https:\/\/fort-da.com.ar\/inicio\/#\/schema\/logo\/image\/"},"sameAs":["https:\/\/www.facebook.com\/profile.php?id=100090714247207","https:\/\/www.instagram.com\/centro.fortda\/"]}]}},"_links":{"self":[{"href":"https:\/\/fort-da.com.ar\/inicio\/wp-json\/wp\/v2\/pages\/492","targetHints":{"allow":["GET"]}}],"collection":[{"href":"https:\/\/fort-da.com.ar\/inicio\/wp-json\/wp\/v2\/pages"}],"about":[{"href":"https:\/\/fort-da.com.ar\/inicio\/wp-json\/wp\/v2\/types\/page"}],"author":[{"embeddable":true,"href":"https:\/\/fort-da.com.ar\/inicio\/wp-json\/wp\/v2\/users\/2"}],"replies":[{"embeddable":true,"href":"https:\/\/fort-da.com.ar\/inicio\/wp-json\/wp\/v2\/comments?post=492"}],"version-history":[{"count":11,"href":"https:\/\/fort-da.com.ar\/inicio\/wp-json\/wp\/v2\/pages\/492\/revisions"}],"predecessor-version":[{"id":510,"href":"https:\/\/fort-da.com.ar\/inicio\/wp-json\/wp\/v2\/pages\/492\/revisions\/510"}],"wp:attachment":[{"href":"https:\/\/fort-da.com.ar\/inicio\/wp-json\/wp\/v2\/media?parent=492"}],"curies":[{"name":"wp","href":"https:\/\/api.w.org\/{rel}","templated":true}]}}